{"id":249,"date":"2024-12-03T09:14:44","date_gmt":"2024-12-03T08:14:44","guid":{"rendered":"https:\/\/papier-sprick.de\/speedman-direkt\/?page_id=249"},"modified":"2026-01-14T12:12:22","modified_gmt":"2026-01-14T11:12:22","slug":"mentions-legales","status":"publish","type":"page","link":"https:\/\/speedmandirekt.de\/fr\/mentions-legales\/","title":{"rendered":"Mentions l\u00e9gales"},"content":{"rendered":"\t\t<div data-elementor-type=\"wp-page\" data-elementor-id=\"249\" class=\"elementor elementor-249 elementor-148\" data-elementor-post-type=\"page\">\n\t\t\t\t<div data-particle_enable=\"false\" data-particle-mobile-disabled=\"false\" class=\"elementor-element elementor-element-ec8c313 e-flex e-con-boxed e-con e-parent\" data-id=\"ec8c313\" data-element_type=\"container\" data-e-type=\"container\">\n\t\t\t\t\t<div class=\"e-con-inner\">\n\t\t<div data-particle_enable=\"false\" data-particle-mobile-disabled=\"false\" class=\"elementor-element elementor-element-774e77b e-con-full e-flex e-con e-child\" data-id=\"774e77b\" data-element_type=\"container\" data-e-type=\"container\">\n\t\t\t\t<div class=\"elementor-element elementor-element-74a8a72 elementor-widget elementor-widget-heading\" data-id=\"74a8a72\" data-element_type=\"widget\" data-e-type=\"widget\" data-widget_type=\"heading.default\">\n\t\t\t\t<div class=\"elementor-widget-container\">\n\t\t\t\t\t<h1 class=\"elementor-heading-title elementor-size-default\">Mentions l\u00e9gales<\/h1>\t\t\t\t<\/div>\n\t\t\t\t<\/div>\n\t\t\t\t<div class=\"elementor-element elementor-element-672f34f elementor-widget elementor-widget-wpml-language-switcher\" data-id=\"672f34f\" data-element_type=\"widget\" data-e-type=\"widget\" data-widget_type=\"wpml-language-switcher.default\">\n\t\t\t\t<div class=\"elementor-widget-container\">\n\t\t\t\t\t<div class=\"wpml-elementor-ls\">\n<div role=\"navigation\" aria-label=\"S\u00e9lecteur de langue\" class=\"wpml-ls-statics-shortcode_actions wpml-ls wpml-ls-legacy-list-horizontal\">\n\t<ul><li class=\"wpml-ls-slot-shortcode_actions wpml-ls-item wpml-ls-item-de wpml-ls-first-item wpml-ls-item-legacy-list-horizontal\">\n\t\t\t\t<a href=\"https:\/\/speedmandirekt.de\/\" hreflang=\"de\" lang=\"de\" class=\"wpml-ls-link\" aria-label=\"Passer \u00e0 Allemand\" title=\"Passer \u00e0 Allemand\">\n\t\t\t\t\t                                    <img decoding=\"async\"\n            class=\"wpml-ls-flag\"\n            src=\"https:\/\/speedmandirekt.de\/wp-content\/plugins\/sitepress-multilingual-cms\/res\/flags\/de.svg\"\n            alt=\"Allemand\"\n            loading=\"lazy\"\n            width=18\n            height=12\n    \/><\/a>\n\t\t\t<\/li><li class=\"wpml-ls-slot-shortcode_actions wpml-ls-item wpml-ls-item-en wpml-ls-item-legacy-list-horizontal\">\n\t\t\t\t<a href=\"https:\/\/speedmandirekt.de\/en\/\" hreflang=\"en\" lang=\"en\" class=\"wpml-ls-link\" aria-label=\"Passer \u00e0 Anglais\" title=\"Passer \u00e0 Anglais\">\n\t\t\t\t\t                                    <img decoding=\"async\"\n            class=\"wpml-ls-flag\"\n            src=\"https:\/\/speedmandirekt.de\/wp-content\/plugins\/sitepress-multilingual-cms\/res\/flags\/en.svg\"\n            alt=\"Anglais\"\n            loading=\"lazy\"\n            width=18\n            height=12\n    \/><\/a>\n\t\t\t<\/li><li class=\"wpml-ls-slot-shortcode_actions wpml-ls-item wpml-ls-item-fr wpml-ls-current-language wpml-ls-last-item wpml-ls-item-legacy-list-horizontal\">\n\t\t\t\t<a href=\"https:\/\/speedmandirekt.de\/fr\/\" hreflang=\"fr\" lang=\"fr\" class=\"wpml-ls-link\" aria-current=\"page\" aria-label=\"Passer \u00e0 Fran\u00e7ais\" title=\"Passer \u00e0 Fran\u00e7ais\">\n\t\t\t\t\t                                    <img decoding=\"async\"\n            class=\"wpml-ls-flag\"\n            src=\"https:\/\/speedmandirekt.de\/wp-content\/plugins\/sitepress-multilingual-cms\/res\/flags\/fr.svg\"\n            alt=\"Fran\u00e7ais\"\n            loading=\"lazy\"\n            width=18\n            height=12\n    \/><\/a>\n\t\t\t<\/li><\/ul>\n<\/div>\n<\/div>\t\t\t\t<\/div>\n\t\t\t\t<\/div>\n\t\t\t\t<\/div>\n\t\t\t\t<div class=\"elementor-element elementor-element-b5a335b elementor-widget elementor-widget-heading\" data-id=\"b5a335b\" data-element_type=\"widget\" data-e-type=\"widget\" data-widget_type=\"heading.default\">\n\t\t\t\t<div class=\"elementor-widget-container\">\n\t\t\t\t\t<h2 class=\"elementor-heading-title elementor-size-default\">Sprick GmbH\nBielefelder Papier- und Wellpappenwerke &amp; Co.<\/h2>\t\t\t\t<\/div>\n\t\t\t\t<\/div>\n\t\t\t\t<div class=\"elementor-element elementor-element-ccf0c5b elementor-widget elementor-widget-text-editor\" data-id=\"ccf0c5b\" data-element_type=\"widget\" data-e-type=\"widget\" data-widget_type=\"text-editor.default\">\n\t\t\t\t<div class=\"elementor-widget-container\">\n\t\t\t\t\t\t\t\t\t<p>Hanfstra\u00dfe 23<br \/>33607 Bielefeld<\/p><p>T\u00e9l\u00e9phone : +49 521 932050<br \/>T\u00e9l\u00e9fax : +49 521 9320510<\/p><p>E-Mail: info@papier-sprick.de\u00a0\u00a0<\/p><p><strong>Associ\u00e9 responsable personnellement :<\/strong><br \/>Sprick GmbH, si\u00e8ge \u00e0 Bielefeld<\/p><p><strong>G\u00e9rant :<\/strong><br \/>Dr. S. Sprick-Sch\u00fctte, Dipl.-Ing. A. Sprick-Sch\u00fctte<\/p><p><strong>Registre du commerce:<\/strong>\u00a0Tribunal d\u2019instance de Bielefeld<br \/><strong>Num\u00e9ro d\u2019enregistrement:<\/strong>\u00a0A 12763\u00a0<\/p><p><strong>Num\u00e9ro d\u2019identification de la taxe sur le chiffre d\u2019affaires conform\u00e9ment au \u00a7 27a de la loi sur la taxe sur le chiffre d\u2019affaires :<\/strong><br \/>DE 124001517<\/p><p><b>Remarque concernant la loi sur l\u2019arbitrage en mati\u00e8re de consommation :\u00a0<\/b><br \/>Wellpappewerke &amp; Co. n\u2019est pas tenue de participer \u00e0 des proc\u00e9dures de r\u00e8glement des litiges devant une instance d\u2019arbitrage des consommateurs et n\u2019est pas non plus dispos\u00e9e \u00e0 le faire. L\u2019entreprise Sprick GmbH Bielefelder Papier- und Wellpappewerke &amp; Co. ne participe donc pas aux proc\u00e9dures de r\u00e8glement des litiges devant une instance d\u2019arbitrage des consommateurs.<\/p>\t\t\t\t\t\t\t\t<\/div>\n\t\t\t\t<\/div>\n\t\t\t\t<div class=\"elementor-element elementor-element-bdbefce elementor-widget elementor-widget-button\" data-id=\"bdbefce\" data-element_type=\"widget\" data-e-type=\"widget\" data-widget_type=\"button.default\">\n\t\t\t\t<div class=\"elementor-widget-container\">\n\t\t\t\t\t\t\t\t\t<div class=\"elementor-button-wrapper\">\n\t\t\t\t\t<a class=\"elementor-button elementor-button-link elementor-size-sm\" href=\"#\">\n\t\t\t\t\t\t<span class=\"elementor-button-content-wrapper\">\n\t\t\t\t\t\t\t\t\t<span class=\"elementor-button-text\">Retour \u00e0 la page d'accueil<\/span>\n\t\t\t\t\t<\/span>\n\t\t\t\t\t<\/a>\n\t\t\t\t<\/div>\n\t\t\t\t\t\t\t\t<\/div>\n\t\t\t\t<\/div>\n\t\t\t\t\t<\/div>\n\t\t\t\t<\/div>\n\t\t\t\t<\/div>\n\t\t","protected":false},"excerpt":{"rendered":"<p>Mentions l\u00e9gales Sprick GmbH Bielefelder Papier- und Wellpappenwerke &amp; Co. Hanfstra\u00dfe 2333607 Bielefeld T\u00e9l\u00e9phone : +49 521 932050T\u00e9l\u00e9fax : +49 521 9320510 E-Mail: info@papier-sprick.de\u00a0\u00a0 Associ\u00e9 responsable personnellement :Sprick GmbH, si\u00e8ge \u00e0 Bielefeld G\u00e9rant :Dr. S. Sprick-Sch\u00fctte, Dipl.-Ing. A. Sprick-Sch\u00fctte Registre du commerce:\u00a0Tribunal d\u2019instance de BielefeldNum\u00e9ro d\u2019enregistrement:\u00a0A 12763\u00a0 Num\u00e9ro d\u2019identification de la taxe sur le chiffre [&hellip;]<\/p>\n","protected":false},"author":14,"featured_media":0,"parent":0,"menu_order":0,"comment_status":"closed","ping_status":"closed","template":"","meta":{"footnotes":""},"class_list":["post-249","page","type-page","status-publish","hentry"],"_links":{"self":[{"href":"https:\/\/speedmandirekt.de\/fr\/wp-json\/wp\/v2\/pages\/249","targetHints":{"allow":["GET"]}}],"collection":[{"href":"https:\/\/speedmandirekt.de\/fr\/wp-json\/wp\/v2\/pages"}],"about":[{"href":"https:\/\/speedmandirekt.de\/fr\/wp-json\/wp\/v2\/types\/page"}],"author":[{"embeddable":true,"href":"https:\/\/speedmandirekt.de\/fr\/wp-json\/wp\/v2\/users\/14"}],"replies":[{"embeddable":true,"href":"https:\/\/speedmandirekt.de\/fr\/wp-json\/wp\/v2\/comments?post=249"}],"version-history":[{"count":9,"href":"https:\/\/speedmandirekt.de\/fr\/wp-json\/wp\/v2\/pages\/249\/revisions"}],"predecessor-version":[{"id":467,"href":"https:\/\/speedmandirekt.de\/fr\/wp-json\/wp\/v2\/pages\/249\/revisions\/467"}],"wp:attachment":[{"href":"https:\/\/speedmandirekt.de\/fr\/wp-json\/wp\/v2\/media?parent=249"}],"curies":[{"name":"wp","href":"https:\/\/api.w.org\/{rel}","templated":true}]}}